{"id":17342,"date":"2021-09-13T09:24:25","date_gmt":"2021-09-13T09:24:25","guid":{"rendered":"https:\/\/sppc.com.co\/?page_id=17342"},"modified":"2024-10-27T23:33:38","modified_gmt":"2024-10-27T23:33:38","slug":"contacto","status":"publish","type":"page","link":"https:\/\/sppc.com.co\/en\/contacto\/","title":{"rendered":"Contact"},"content":{"rendered":"<div data-elementor-type=\"wp-page\" data-elementor-id=\"17342\" class=\"elementor elementor-17342\" data-elementor-post-type=\"page\">\n\t\t\t\t\t\t<section class=\"elementor-section elementor-top-section elementor-element elementor-element-ed3aae4 elementor-section-boxed elementor-section-height-default elementor-section-height-default sc_fly_static\" data-id=\"ed3aae4\" data-element_type=\"section\">\n\t\t\t\t\t\t<div class=\"elementor-container elementor-column-gap-no\">\n\t\t\t\t\t<div class=\"elementor-column elementor-col-100 elementor-top-column elementor-element elementor-element-6880957 sc_inner_width_none sc_content_align_inherit sc_layouts_column_icons_position_left sc_fly_static\" data-id=\"6880957\" data-element_type=\"column\">\n\t\t\t<div class=\"elementor-widget-wrap elementor-element-populated\">\n\t\t\t\t\t\t<div class=\"elementor-element elementor-element-e3c562c sc_height_huge sc_fly_static elementor-widget elementor-widget-spacer\" data-id=\"e3c562c\" data-element_type=\"widget\" data-widget_type=\"spacer.default\">\n\t\t\t\t<div class=\"elementor-widget-container\">\n\t\t\t\t\t<div class=\"elementor-spacer\">\n\t\t\t<div class=\"elementor-spacer-inner\"><\/div>\n\t\t<\/div>\n\t\t\t\t<\/div>\n\t\t\t\t<\/div>\n\t\t\t\t<section class=\"elementor-section elementor-inner-section elementor-element elementor-element-aca2304 elementor-section-boxed elementor-section-height-default elementor-section-height-default sc_fly_static\" data-id=\"aca2304\" data-element_type=\"section\">\n\t\t\t\t\t\t<div class=\"elementor-container elementor-column-gap-no\">\n\t\t\t\t\t<div class=\"elementor-column elementor-col-50 elementor-inner-column elementor-element elementor-element-18c62ca sc_inner_width_none sc_content_align_inherit sc_layouts_column_icons_position_left sc_fly_static\" data-id=\"18c62ca\" data-element_type=\"column\">\n\t\t\t<div class=\"elementor-widget-wrap elementor-element-populated\">\n\t\t\t\t\t\t<div class=\"elementor-element elementor-element-680c2db sc_fly_static elementor-widget elementor-widget-trx_sc_title\" data-id=\"680c2db\" data-element_type=\"widget\" data-widget_type=\"trx_sc_title.default\">\n\t\t\t\t<div class=\"elementor-widget-container\">\n\t\t\t<div\t\tclass=\"sc_title sc_title_default\" ><span class=\"sc_item_subtitle sc_title_subtitle sc_item_subtitle_above sc_item_title_style_default\">Contact<\/span><h2 class=\"sc_item_title sc_title_title sc_item_title_style_default sc_item_title_tag\"\n\t\t\t><span class=\"sc_item_title_text\">We want to get to know you better to provide you with the best advice.<\/span><\/h2><div class=\"sc_item_descr sc_title_descr\"><p>Leave us a message using the form below, and we will get in touch with you as soon as possible. <\/p>\n<p>You can also contact us through the following channels:<\/p>\n<\/div><\/div>\t\t<\/div>\n\t\t\t\t<\/div>\n\t\t\t\t<div class=\"elementor-element elementor-element-62ed942 sc_fly_static elementor-widget elementor-widget-spacer\" data-id=\"62ed942\" data-element_type=\"widget\" data-widget_type=\"spacer.default\">\n\t\t\t\t<div class=\"elementor-widget-container\">\n\t\t\t\t\t<div class=\"elementor-spacer\">\n\t\t\t<div class=\"elementor-spacer-inner\"><\/div>\n\t\t<\/div>\n\t\t\t\t<\/div>\n\t\t\t\t<\/div>\n\t\t\t\t<div class=\"elementor-element elementor-element-bdccf56 sc_fly_static elementor-widget elementor-widget-trx_sc_icons\" data-id=\"bdccf56\" data-element_type=\"widget\" data-widget_type=\"trx_sc_icons.default\">\n\t\t\t\t<div class=\"elementor-widget-container\">\n\t\t\t<div \tclass=\"sc_icons sc_icons_simple sc_icons_size_small sc_align_none\" ><div class=\"sc_icons_item sc_icons_item_linked with_more\"><div class=\"sc_icons_icon sc_icon_type_ icon-smartphone-1\" style=\"color: #2F39D3\" ><span class=\"sc_icon_type_ icon-smartphone-1\" style=\"color: #2F39D3\"><\/span><\/div><div class=\"sc_icons_item_details\"><a href=\"tel: 573177453948\" class=\"sc_icons_item_more_link\">\n                        <span class=\"link_text\">+57 317 745 3948<\/span><span class=\"link_icon\"><\/span>\n                        <\/a><a href=\"tel: 573177453948\"\n                        class=\"sc_icons_item_link\">\n                        <\/a><\/div><\/div><div class=\"sc_icons_item with_more\"><div class=\"sc_icons_icon sc_icon_type_ icon-email-3\" style=\"color: #2F39D3\" ><span class=\"sc_icon_type_ icon-email-3\" style=\"color: #2F39D3\"><\/span><\/div><div class=\"sc_icons_item_details\"><div class=\"sc_icons_item_description\"><span><a href=\"mailto:robert@sppc.com.co\">robert@sppc.com.co<\/a><\/span><\/div><\/div><\/div><\/div><!-- \/.sc_icons -->\t\t<\/div>\n\t\t\t\t<\/div>\n\t\t\t\t\t<\/div>\n\t\t<\/div>\n\t\t\t\t<div class=\"elementor-column elementor-col-50 elementor-inner-column elementor-element elementor-element-2434c9f sc_inner_width_none sc_content_align_inherit sc_layouts_column_icons_position_left sc_fly_static\" data-id=\"2434c9f\" data-element_type=\"column\">\n\t\t\t<div class=\"elementor-widget-wrap elementor-element-populated\">\n\t\t\t\t\t\t<div class=\"elementor-element elementor-element-d40efc9 sc_fly_static elementor-widget elementor-widget-spacer\" data-id=\"d40efc9\" data-element_type=\"widget\" data-widget_type=\"spacer.default\">\n\t\t\t\t<div class=\"elementor-widget-container\">\n\t\t\t\t\t<div class=\"elementor-spacer\">\n\t\t\t<div class=\"elementor-spacer-inner\"><\/div>\n\t\t<\/div>\n\t\t\t\t<\/div>\n\t\t\t\t<\/div>\n\t\t\t\t<div class=\"elementor-element elementor-element-ddb5885 sc_fly_static elementor-widget elementor-widget-trx_sc_contact_form_7\" data-id=\"ddb5885\" data-element_type=\"widget\" data-widget_type=\"trx_sc_contact_form_7.default\">\n\t\t\t\t<div class=\"elementor-widget-container\">\n\t\t\t\n<div class=\"wpcf7 no-js\" id=\"wpcf7-f17835-o1\" lang=\"en-US\" dir=\"ltr\">\n<div class=\"screen-reader-response\"><p role=\"status\" aria-live=\"polite\" aria-atomic=\"true\"><\/p> <ul><\/ul><\/div>\n<form action=\"\/wp-json\/wp\/v2\/pages\/17342\" method=\"post\" class=\"wpcf7-form init\" aria-label=\"Contact form\" novalidate=\"novalidate\" data-status=\"init\" data-trp-original-action=\"\/en\/wp-json\/wp\/v2\/pages\/17342#wpcf7-f17835-o1\">\n<div style=\"display: none;\">\n<input type=\"hidden\" name=\"_wpcf7\" value=\"17835\" \/>\n<input type=\"hidden\" name=\"_wpcf7_version\" value=\"5.9.8\" \/>\n<input type=\"hidden\" name=\"_wpcf7_locale\" value=\"en_US\" \/>\n<input type=\"hidden\" name=\"_wpcf7_unit_tag\" value=\"wpcf7-f17835-o1\" \/>\n<input type=\"hidden\" name=\"_wpcf7_container_post\" value=\"0\" \/>\n<input type=\"hidden\" name=\"_wpcf7_posted_data_hash\" value=\"\" \/>\n<\/div>\n<div class=\"form-style-7\">\n\t<div class=\"columns_wrap\">\n\t\t<div class=\"column-1_2\">\n\t\t\t<p><span class=\"style-line\"><span class=\"wpcf7-form-control-wrap\" data-name=\"your-name\"><input size=\"40\" maxlength=\"400\" class=\"wpcf7-form-control wpcf7-text wpcf7-validates-as-required\" aria-required=\"true\" aria-invalid=\"false\" placeholder=\"Name\" value=\"\" type=\"text\" name=\"your-name\" \/><\/span><\/span>\n\t\t\t<\/p>\n\t\t<\/div>\n\t\t<div class=\"column-1_2\">\n\t\t\t<p><span class=\"style-line\"><span class=\"wpcf7-form-control-wrap\" data-name=\"your-email\"><input size=\"40\" maxlength=\"400\" class=\"wpcf7-form-control wpcf7-email wpcf7-validates-as-required wpcf7-text wpcf7-validates-as-email\" aria-required=\"true\" aria-invalid=\"false\" placeholder=\"Email\" value=\"\" type=\"email\" name=\"your-email\" \/><\/span><\/span>\n\t\t\t<\/p>\n\t\t<\/div>\n\t<\/div>\n\t<div class=\"columns_wrap\">\n\t\t<div class=\"column-1_2\">\n\t\t\t<p><span class=\"style-line\"><span class=\"wpcf7-form-control-wrap\" data-name=\"phone\"><input size=\"40\" maxlength=\"400\" class=\"wpcf7-form-control wpcf7-tel wpcf7-validates-as-required wpcf7-text wpcf7-validates-as-tel\" aria-required=\"true\" aria-invalid=\"false\" placeholder=\"Phone Number\" value=\"\" type=\"tel\" name=\"phone\" \/><\/span><\/span>\n\t\t\t<\/p>\n\t\t<\/div>\n\t\t<div class=\"column-1_2\">\n\t\t\t<p><span class=\"style-line\"><span class=\"wpcf7-form-control-wrap\" data-name=\"subject\"><input size=\"40\" maxlength=\"400\" class=\"wpcf7-form-control wpcf7-text wpcf7-validates-as-required\" aria-required=\"true\" aria-invalid=\"false\" placeholder=\"Subject\" value=\"\" type=\"text\" name=\"subject\" \/><\/span><\/span>\n\t\t\t<\/p>\n\t\t<\/div>\n\t<\/div>\n\t<div class=\"columns_wrap margin-bottom\">\n\t\t<div class=\"column-1_1\">\n\t\t\t<p><span class=\"style-line\"><span class=\"wpcf7-form-control-wrap\" data-name=\"your-message\"><textarea cols=\"40\" rows=\"10\" maxlength=\"2000\" class=\"wpcf7-form-control wpcf7-textarea wpcf7-validates-as-required\" aria-required=\"true\" aria-invalid=\"false\" placeholder=\"How can we help you?\" name=\"your-message\"><\/textarea><\/span><\/span>\n\t\t\t<\/p>\n\t\t<\/div>\n\t<\/div>\n\t<p><input class=\"wpcf7-form-control wpcf7-submit has-spinner\" type=\"submit\" value=\"Send\" \/><span class=\"wpcf7-form-control-wrap\" data-name=\"acceptance\"><span class=\"wpcf7-form-control wpcf7-acceptance\"><span class=\"wpcf7-list-item\"><label><input type=\"checkbox\" name=\"acceptance\" value=\"1\" aria-invalid=\"false\" \/><span class=\"wpcf7-list-item-label\">Acepto las pol\u00edticas de tratamiento de datos.<\/span><\/label><\/span><\/span><\/span>\n\t<\/p>\n<\/div><div class=\"wpcf7-response-output\" aria-hidden=\"true\"><\/div>\n<input type=\"hidden\" name=\"trp-form-language\" value=\"en\"\/><\/form>\n<\/div>\n\t\t<\/div>\n\t\t\t\t<\/div>\n\t\t\t\t\t<\/div>\n\t\t<\/div>\n\t\t\t\t\t<\/div>\n\t\t<\/section>\n\t\t\t\t<div class=\"elementor-element elementor-element-29cf424 sc_height_huge sc_fly_static elementor-widget elementor-widget-spacer\" data-id=\"29cf424\" data-element_type=\"widget\" data-widget_type=\"spacer.default\">\n\t\t\t\t<div class=\"elementor-widget-container\">\n\t\t\t\t\t<div class=\"elementor-spacer\">\n\t\t\t<div class=\"elementor-spacer-inner\"><\/div>\n\t\t<\/div>\n\t\t\t\t<\/div>\n\t\t\t\t<\/div>\n\t\t\t\t\t<\/div>\n\t\t<\/div>\n\t\t\t\t\t<\/div>\n\t\t<\/section>\n\t\t\t\t<\/div>","protected":false},"excerpt":{"rendered":"<p>Contacto Queremos conocerte mejor para brindarte la mejor asesor\u00eda D\u00e9janos un mensaje por el formulario a continuaci\u00f3n y en la mayor brevedad nos comunicaremos contigo. Tambi\u00e9n puedes contactarnos por los&hellip;<\/p>","protected":false},"author":1,"featured_media":0,"parent":0,"menu_order":0,"comment_status":"closed","ping_status":"closed","template":"","meta":{"inline_featured_image":false,"footnotes":""},"class_list":["post-17342","page","type-page","status-publish","hentry"],"yoast_head":"<!-- This site is optimized with the Yoast SEO Premium plugin v23.2 (Yoast SEO v23.7) - https:\/\/yoast.com\/wordpress\/plugins\/seo\/ -->\n<title>Contacto - SPPC<\/title>\n<meta name=\"description\" content=\"Lideres en el mercado en brindar soluciones de alta calidad para derrames de hidrocarburos como petr\u00f3leo, crudo y combatibles\" \/>\n<meta name=\"robots\" content=\"index, follow, max-snippet:-1, max-image-preview:large, max-video-preview:-1\" \/>\n<link rel=\"canonical\" href=\"https:\/\/sppc.com.co\/en\/contacto\/\" \/>\n<meta property=\"og:locale\" content=\"en_US\" \/>\n<meta property=\"og:type\" content=\"article\" \/>\n<meta property=\"og:title\" content=\"Contacto\" \/>\n<meta property=\"og:description\" content=\"Lideres en el mercado en brindar soluciones de alta calidad para derrames de hidrocarburos como petr\u00f3leo, crudo y combatibles\" \/>\n<meta property=\"og:url\" content=\"https:\/\/sppc.com.co\/en\/contacto\/\" \/>\n<meta property=\"og:site_name\" content=\"SPPC\" \/>\n<meta property=\"article:modified_time\" content=\"2024-10-27T23:33:38+00:00\" \/>\n<meta name=\"twitter:card\" content=\"summary_large_image\" \/>\n<meta name=\"twitter:label1\" content=\"Est. reading time\" \/>\n\t<meta name=\"twitter:data1\" content=\"1 minute\" \/>\n<script type=\"application\/ld+json\" class=\"yoast-schema-graph\">{\"@context\":\"https:\/\/schema.org\",\"@graph\":[{\"@type\":\"WebPage\",\"@id\":\"https:\/\/sppc.com.co\/contacto\/\",\"url\":\"https:\/\/sppc.com.co\/contacto\/\",\"name\":\"Contacto - SPPC\",\"isPartOf\":{\"@id\":\"https:\/\/sppc.com.co\/#website\"},\"datePublished\":\"2021-09-13T09:24:25+00:00\",\"dateModified\":\"2024-10-27T23:33:38+00:00\",\"description\":\"Lideres en el mercado en brindar soluciones de alta calidad para derrames de hidrocarburos como petr\u00f3leo, crudo y combatibles\",\"breadcrumb\":{\"@id\":\"https:\/\/sppc.com.co\/contacto\/#breadcrumb\"},\"inLanguage\":\"en-US\",\"potentialAction\":[{\"@type\":\"ReadAction\",\"target\":[\"https:\/\/sppc.com.co\/contacto\/\"]}]},{\"@type\":\"BreadcrumbList\",\"@id\":\"https:\/\/sppc.com.co\/contacto\/#breadcrumb\",\"itemListElement\":[{\"@type\":\"ListItem\",\"position\":1,\"name\":\"Portada\",\"item\":\"https:\/\/sppc.com.co\/\"},{\"@type\":\"ListItem\",\"position\":2,\"name\":\"Contacto\"}]},{\"@type\":\"WebSite\",\"@id\":\"https:\/\/sppc.com.co\/#website\",\"url\":\"https:\/\/sppc.com.co\/\",\"name\":\"SPPC\",\"description\":\"Superior Performance Products Colombia\",\"publisher\":{\"@id\":\"https:\/\/sppc.com.co\/#organization\"},\"potentialAction\":[{\"@type\":\"SearchAction\",\"target\":{\"@type\":\"EntryPoint\",\"urlTemplate\":\"https:\/\/sppc.com.co\/?s={search_term_string}\"},\"query-input\":{\"@type\":\"PropertyValueSpecification\",\"valueRequired\":true,\"valueName\":\"search_term_string\"}}],\"inLanguage\":\"en-US\"},{\"@type\":\"Organization\",\"@id\":\"https:\/\/sppc.com.co\/#organization\",\"name\":\"SPPC\",\"url\":\"https:\/\/sppc.com.co\/\",\"logo\":{\"@type\":\"ImageObject\",\"inLanguage\":\"en-US\",\"@id\":\"https:\/\/sppc.com.co\/#\/schema\/logo\/image\/\",\"url\":\"https:\/\/sppc.com.co\/wp-content\/uploads\/2020\/06\/Logo-SPPC-dark.png\",\"contentUrl\":\"https:\/\/sppc.com.co\/wp-content\/uploads\/2020\/06\/Logo-SPPC-dark.png\",\"width\":605,\"height\":211,\"caption\":\"SPPC\"},\"image\":{\"@id\":\"https:\/\/sppc.com.co\/#\/schema\/logo\/image\/\"}}]}<\/script>\n<!-- \/ Yoast SEO Premium plugin. -->","yoast_head_json":{"title":"Contacto - SPPC","description":"Lideres en el mercado en brindar soluciones de alta calidad para derrames de hidrocarburos como petr\u00f3leo, crudo y combatibles","robots":{"index":"index","follow":"follow","max-snippet":"max-snippet:-1","max-image-preview":"max-image-preview:large","max-video-preview":"max-video-preview:-1"},"canonical":"https:\/\/sppc.com.co\/en\/contacto\/","og_locale":"en_US","og_type":"article","og_title":"Contacto","og_description":"Lideres en el mercado en brindar soluciones de alta calidad para derrames de hidrocarburos como petr\u00f3leo, crudo y combatibles","og_url":"https:\/\/sppc.com.co\/en\/contacto\/","og_site_name":"SPPC","article_modified_time":"2024-10-27T23:33:38+00:00","twitter_card":"summary_large_image","twitter_misc":{"Est. reading time":"1 minute"},"schema":{"@context":"https:\/\/schema.org","@graph":[{"@type":"WebPage","@id":"https:\/\/sppc.com.co\/contacto\/","url":"https:\/\/sppc.com.co\/contacto\/","name":"Contacto - SPPC","isPartOf":{"@id":"https:\/\/sppc.com.co\/#website"},"datePublished":"2021-09-13T09:24:25+00:00","dateModified":"2024-10-27T23:33:38+00:00","description":"Lideres en el mercado en brindar soluciones de alta calidad para derrames de hidrocarburos como petr\u00f3leo, crudo y combatibles","breadcrumb":{"@id":"https:\/\/sppc.com.co\/contacto\/#breadcrumb"},"inLanguage":"en-US","potentialAction":[{"@type":"ReadAction","target":["https:\/\/sppc.com.co\/contacto\/"]}]},{"@type":"BreadcrumbList","@id":"https:\/\/sppc.com.co\/contacto\/#breadcrumb","itemListElement":[{"@type":"ListItem","position":1,"name":"Portada","item":"https:\/\/sppc.com.co\/"},{"@type":"ListItem","position":2,"name":"Contacto"}]},{"@type":"WebSite","@id":"https:\/\/sppc.com.co\/#website","url":"https:\/\/sppc.com.co\/","name":"SPPC","description":"Superior Performance Products Colombia","publisher":{"@id":"https:\/\/sppc.com.co\/#organization"},"potentialAction":[{"@type":"SearchAction","target":{"@type":"EntryPoint","urlTemplate":"https:\/\/sppc.com.co\/?s={search_term_string}"},"query-input":{"@type":"PropertyValueSpecification","valueRequired":true,"valueName":"search_term_string"}}],"inLanguage":"en-US"},{"@type":"Organization","@id":"https:\/\/sppc.com.co\/#organization","name":"SPPC","url":"https:\/\/sppc.com.co\/","logo":{"@type":"ImageObject","inLanguage":"en-US","@id":"https:\/\/sppc.com.co\/#\/schema\/logo\/image\/","url":"https:\/\/sppc.com.co\/wp-content\/uploads\/2020\/06\/Logo-SPPC-dark.png","contentUrl":"https:\/\/sppc.com.co\/wp-content\/uploads\/2020\/06\/Logo-SPPC-dark.png","width":605,"height":211,"caption":"SPPC"},"image":{"@id":"https:\/\/sppc.com.co\/#\/schema\/logo\/image\/"}}]}},"_links":{"self":[{"href":"https:\/\/sppc.com.co\/en\/wp-json\/wp\/v2\/pages\/17342","targetHints":{"allow":["GET"]}}],"collection":[{"href":"https:\/\/sppc.com.co\/en\/wp-json\/wp\/v2\/pages"}],"about":[{"href":"https:\/\/sppc.com.co\/en\/wp-json\/wp\/v2\/types\/page"}],"author":[{"embeddable":true,"href":"https:\/\/sppc.com.co\/en\/wp-json\/wp\/v2\/users\/1"}],"replies":[{"embeddable":true,"href":"https:\/\/sppc.com.co\/en\/wp-json\/wp\/v2\/comments?post=17342"}],"version-history":[{"count":23,"href":"https:\/\/sppc.com.co\/en\/wp-json\/wp\/v2\/pages\/17342\/revisions"}],"predecessor-version":[{"id":19412,"href":"https:\/\/sppc.com.co\/en\/wp-json\/wp\/v2\/pages\/17342\/revisions\/19412"}],"wp:attachment":[{"href":"https:\/\/sppc.com.co\/en\/wp-json\/wp\/v2\/media?parent=17342"}],"curies":[{"name":"wp","href":"https:\/\/api.w.org\/{rel}","templated":true}]}}